{"id":112,"date":"2018-06-21T13:36:47","date_gmt":"2018-06-21T13:36:47","guid":{"rendered":"http:\/\/localhost\/Associa%C3%A7%C3%A3o%20Vinha%20da%20Rainha\/?page_id=112"},"modified":"2024-05-17T14:50:16","modified_gmt":"2024-05-17T14:50:16","slug":"parcerias","status":"publish","type":"page","link":"https:\/\/associacaovr.pt\/?page_id=112","title":{"rendered":"Parcerias"},"content":{"rendered":"<p>[et_pb_section fb_built=&#8221;1&#8243; _builder_version=&#8221;4.16&#8243; global_colors_info=&#8221;{}&#8221;][et_pb_row _builder_version=&#8221;4.16&#8243; background_size=&#8221;initial&#8221; background_position=&#8221;top_left&#8221; background_repeat=&#8221;repeat&#8221; global_colors_info=&#8221;{}&#8221;][et_pb_column type=&#8221;4_4&#8243; _builder_version=&#8221;4.16&#8243; custom_padding=&#8221;|||&#8221; global_colors_info=&#8221;{}&#8221; custom_padding__hover=&#8221;|||&#8221;][et_pb_text _builder_version=&#8221;4.16&#8243; global_colors_info=&#8221;{}&#8221;]<\/p>\n<h1 class=\"documentFirstHeading\" style=\"text-align: center;\"><span id=\"parent-fieldname-title\" class=\"\">Parcerias<\/span><\/h1>\n<p>&nbsp;<\/p>\n<div id=\"parent-fieldname-text\" class=\"\">\n<p>A Associa\u00e7\u00e3o da Vinha da Rainha pertence ao concelho de Soure, concelho que \u00e9 caracterizado por uma din\u00e2mica de trabalho em parceria, sendo essa a sua grande potencialidade em termos da partilha\/disponibiliza\u00e7\u00e3o de recursos interinstitucionais.<\/p>\n<p>Assim, esta Institui\u00e7\u00e3o \u00e9 parceira ao n\u00edvel dos seguintes projetos:<\/p>\n<ul>\n<li>Coopera\u00e7\u00e3o protocolar com a autarquia local no apoio \u00e0s atividades de enriquecimento curricular;<\/li>\n<li>Protocolo de certifica\u00e7\u00e3o e de encaminhamento com o Agrupamento de Escolas de Soure e o seu Centro Qualifica.<\/li>\n<li>Protocolo de encaminhamento com o Centro Qualifica da ACIFF.<\/li>\n<li>Coopera\u00e7\u00e3o protocolar com a DLBC Terras de Sic\u00f3.<\/li>\n<li>Parceria com a Farm\u00e1cia Agr\u00edcola &#8220;Silvitas&#8221; no desenvolvimento de forma\u00e7\u00f5es na \u00e1rea agr\u00edcola.<\/li>\n<\/ul>\n<\/div>\n<p>&nbsp;<\/p>\n<p>Atualizado em maio de 2024<\/p>\n<p>[\/et_pb_text][\/et_pb_column][\/et_pb_row][\/et_pb_section]<\/p>\n","protected":false},"excerpt":{"rendered":"<p>Parcerias &nbsp; A Associa\u00e7\u00e3o da Vinha da Rainha pertence ao concelho de Soure, concelho que \u00e9 caracterizado por uma din\u00e2mica de trabalho em parceria, sendo essa a sua grande potencialidade em termos da partilha\/disponibiliza\u00e7\u00e3o de recursos interinstitucionais. Assim, esta Institui\u00e7\u00e3o \u00e9 parceira ao n\u00edvel dos seguintes projetos: Coopera\u00e7\u00e3o protocolar com a autarquia local no apoio [&hellip;]<\/p>\n","protected":false},"author":1,"featured_media":0,"parent":0,"menu_order":0,"comment_status":"closed","ping_status":"closed","template":"","meta":{"_et_pb_use_builder":"on","_et_pb_old_content":"","_et_gb_content_width":"","footnotes":""},"class_list":["post-112","page","type-page","status-publish","hentry"],"_links":{"self":[{"href":"https:\/\/associacaovr.pt\/index.php?rest_route=\/wp\/v2\/pages\/112","targetHints":{"allow":["GET"]}}],"collection":[{"href":"https:\/\/associacaovr.pt\/index.php?rest_route=\/wp\/v2\/pages"}],"about":[{"href":"https:\/\/associacaovr.pt\/index.php?rest_route=\/wp\/v2\/types\/page"}],"author":[{"embeddable":true,"href":"https:\/\/associacaovr.pt\/index.php?rest_route=\/wp\/v2\/users\/1"}],"replies":[{"embeddable":true,"href":"https:\/\/associacaovr.pt\/index.php?rest_route=%2Fwp%2Fv2%2Fcomments&post=112"}],"version-history":[{"count":1,"href":"https:\/\/associacaovr.pt\/index.php?rest_route=\/wp\/v2\/pages\/112\/revisions"}],"predecessor-version":[{"id":49763,"href":"https:\/\/associacaovr.pt\/index.php?rest_route=\/wp\/v2\/pages\/112\/revisions\/49763"}],"wp:attachment":[{"href":"https:\/\/associacaovr.pt\/index.php?rest_route=%2Fwp%2Fv2%2Fmedia&parent=112"}],"curies":[{"name":"wp","href":"https:\/\/api.w.org\/{rel}","templated":true}]}}