{"id":164,"date":"2018-06-21T14:23:59","date_gmt":"2018-06-21T14:23:59","guid":{"rendered":"http:\/\/localhost\/Associa%C3%A7%C3%A3o%20Vinha%20da%20Rainha\/?page_id=164"},"modified":"2024-05-17T12:21:44","modified_gmt":"2024-05-17T12:21:44","slug":"creche","status":"publish","type":"page","link":"https:\/\/associacaovr.pt\/?page_id=164","title":{"rendered":"Creche"},"content":{"rendered":"<p>[et_pb_section fb_built=&#8221;1&#8243; specialty=&#8221;on&#8221; _builder_version=&#8221;4.20.4&#8243; global_colors_info=&#8221;{}&#8221;][et_pb_column type=&#8221;1_2&#8243; specialty_columns=&#8221;2&#8243; _builder_version=&#8221;4.16&#8243; custom_padding=&#8221;|||&#8221; global_colors_info=&#8221;{}&#8221; custom_padding__hover=&#8221;|||&#8221;][et_pb_row_inner admin_label=&#8221;Row&#8221; _builder_version=&#8221;4.16&#8243; global_colors_info=&#8221;{}&#8221;][et_pb_column_inner saved_specialty_column_type=&#8221;1_2&#8243; _builder_version=&#8221;4.16&#8243; custom_padding=&#8221;|||&#8221; global_colors_info=&#8221;{}&#8221; custom_padding__hover=&#8221;|||&#8221;][et_pb_text _builder_version=&#8221;4.16&#8243; global_colors_info=&#8221;{}&#8221;]<\/p>\n<h1 class=\"documentFirstHeading\" style=\"text-align: center;\"><span id=\"parent-fieldname-title\" class=\"\">Creche<\/span><\/h1>\n<div id=\"parent-fieldname-text\" class=\"\">\n<p>&nbsp;<\/p>\n<p>Trata-se de um projecto que decorreu de uma candidatura ao Programa de Alargamento da Rede de Equipamentos Sociais (PARES), aprovada em 2006. Para a concretiza\u00e7\u00e3o deste projecto, a Associa\u00e7\u00e3o contou com o apoio financeiro do pr\u00f3prio Programa, com o apoio da C\u00e2mara Municipal atrav\u00e9s da sua pol\u00edtica de investimentos \u00e0 ac\u00e7\u00e3o social.<\/p>\n<p>De uma forma geral, o projecto permitiu aumentar a oferta de servi\u00e7os na freguesia, visando a melhoria das condi\u00e7\u00f5es de vida social atrav\u00e9s de servi\u00e7os de melhor acessibilidade, diversificar as respostas sociais j\u00e1 existentes, prestando servi\u00e7os de qualidade que melhorem o bem-estar da popula\u00e7\u00e3o residente, bem como a promo\u00e7\u00e3o da fixa\u00e7\u00e3o das popula\u00e7\u00f5es na freguesia, atrav\u00e9s da cria\u00e7\u00e3o de novas infra-estruturas que aumentem o seu n\u00edvel de empregabilidade.<\/p>\n<p>\u00c9 uma resposta social que se destina ao acolhimento de crian\u00e7as de idades compreendidas entre os 3 meses e os 3 anos, durante o per\u00edodo correspondente ao trabalho dos pais. Tem como objectivos espec\u00edficos proporcionar o bem-estar e desenvolvimento integral das crian\u00e7as num clima de seguran\u00e7a afectiva e f\u00edsica, durante o afastamento parcial do seu meio familiar, colaborar estreitamente com a fam\u00edlia numa partilha de cuidados e responsabilidades em todo o processo de desenvolvimento das crian\u00e7as, e colaborar no despiste precoce de qualquer inadapta\u00e7\u00e3o ou defici\u00eancia assegurando o seu encaminhamento adequado.<\/p>\n<p>Esta resposta social tem a capacidade para acolher 30 crian\u00e7as, repartidas pelo ber\u00e7\u00e1rio (8), pela sala dos 12\/24 meses (10) e pela sala dos 24\/36 meses (12). Grande parte dos agregados trabalha fora da freguesia\/concelho, pelo que tenciona a institui\u00e7\u00e3o facilitar servi\u00e7os de transporte \u00e0s fam\u00edlias com dificuldades de desloca\u00e7\u00e3o e de concilia\u00e7\u00e3o dos hor\u00e1rios de trabalho com o hor\u00e1rio de funcionamento da creche.<\/p>\n<\/div>\n<p>[\/et_pb_text][\/et_pb_column_inner][\/et_pb_row_inner][\/et_pb_column][et_pb_column type=&#8221;1_2&#8243; _builder_version=&#8221;4.16&#8243; custom_padding=&#8221;|||&#8221; global_colors_info=&#8221;{}&#8221; custom_padding__hover=&#8221;|||&#8221;][et_pb_image src=&#8221;http:\/\/associacaovr.pt\/wp-content\/uploads\/2024\/05\/Fachada.jpg&#8221; title_text=&#8221;Fachada&#8221; _builder_version=&#8221;4.20.4&#8243; _module_preset=&#8221;default&#8221; global_colors_info=&#8221;{}&#8221;][\/et_pb_image][et_pb_image src=&#8221;http:\/\/associacaovr.pt\/wp-content\/uploads\/2024\/05\/Entrada-Sala-1-2-Anos-1-scaled.jpg&#8221; title_text=&#8221;Entrada Sala 1-2 Anos&#8221; _builder_version=&#8221;4.20.4&#8243; _module_preset=&#8221;default&#8221; global_colors_info=&#8221;{}&#8221;][\/et_pb_image][\/et_pb_column][\/et_pb_section]<\/p>\n","protected":false},"excerpt":{"rendered":"<p>Creche &nbsp; Trata-se de um projecto que decorreu de uma candidatura ao Programa de Alargamento da Rede de Equipamentos Sociais (PARES), aprovada em 2006. Para a concretiza\u00e7\u00e3o deste projecto, a Associa\u00e7\u00e3o contou com o apoio financeiro do pr\u00f3prio Programa, com o apoio da C\u00e2mara Municipal atrav\u00e9s da sua pol\u00edtica de investimentos \u00e0 ac\u00e7\u00e3o social. De [&hellip;]<\/p>\n","protected":false},"author":1,"featured_media":0,"parent":0,"menu_order":0,"comment_status":"closed","ping_status":"closed","template":"","meta":{"_et_pb_use_builder":"on","_et_pb_old_content":"","_et_gb_content_width":"","footnotes":""},"class_list":["post-164","page","type-page","status-publish","hentry"],"_links":{"self":[{"href":"https:\/\/associacaovr.pt\/index.php?rest_route=\/wp\/v2\/pages\/164","targetHints":{"allow":["GET"]}}],"collection":[{"href":"https:\/\/associacaovr.pt\/index.php?rest_route=\/wp\/v2\/pages"}],"about":[{"href":"https:\/\/associacaovr.pt\/index.php?rest_route=\/wp\/v2\/types\/page"}],"author":[{"embeddable":true,"href":"https:\/\/associacaovr.pt\/index.php?rest_route=\/wp\/v2\/users\/1"}],"replies":[{"embeddable":true,"href":"https:\/\/associacaovr.pt\/index.php?rest_route=%2Fwp%2Fv2%2Fcomments&post=164"}],"version-history":[{"count":4,"href":"https:\/\/associacaovr.pt\/index.php?rest_route=\/wp\/v2\/pages\/164\/revisions"}],"predecessor-version":[{"id":49732,"href":"https:\/\/associacaovr.pt\/index.php?rest_route=\/wp\/v2\/pages\/164\/revisions\/49732"}],"wp:attachment":[{"href":"https:\/\/associacaovr.pt\/index.php?rest_route=%2Fwp%2Fv2%2Fmedia&parent=164"}],"curies":[{"name":"wp","href":"https:\/\/api.w.org\/{rel}","templated":true}]}}