{"id":167,"date":"2018-06-21T14:24:13","date_gmt":"2018-06-21T14:24:13","guid":{"rendered":"http:\/\/localhost\/Associa%C3%A7%C3%A3o%20Vinha%20da%20Rainha\/?page_id=167"},"modified":"2024-05-17T12:04:58","modified_gmt":"2024-05-17T12:04:58","slug":"centro-convivio","status":"publish","type":"page","link":"https:\/\/associacaovr.pt\/?page_id=167","title":{"rendered":"Centro Conv\u00edvio"},"content":{"rendered":"<p>[et_pb_section fb_built=&#8221;1&#8243; specialty=&#8221;on&#8221; _builder_version=&#8221;4.16&#8243; global_colors_info=&#8221;{}&#8221;][et_pb_column type=&#8221;1_2&#8243; specialty_columns=&#8221;2&#8243; _builder_version=&#8221;4.16&#8243; custom_padding=&#8221;|||&#8221; global_colors_info=&#8221;{}&#8221; custom_padding__hover=&#8221;|||&#8221;][et_pb_row_inner admin_label=&#8221;Row&#8221; _builder_version=&#8221;4.16&#8243; global_colors_info=&#8221;{}&#8221;][et_pb_column_inner saved_specialty_column_type=&#8221;1_2&#8243; _builder_version=&#8221;4.16&#8243; custom_padding=&#8221;|||&#8221; global_colors_info=&#8221;{}&#8221; custom_padding__hover=&#8221;|||&#8221;][et_pb_text _builder_version=&#8221;4.16&#8243; global_colors_info=&#8221;{}&#8221;]<\/p>\n<h1 class=\"documentFirstHeading\" style=\"text-align: center;\"><span id=\"parent-fieldname-title\" class=\"\">Centro Conv\u00edvio<\/span><\/h1>\n<div id=\"parent-fieldname-text\" class=\"\">\n<p>&nbsp;<\/p>\n<p>O Centro de Conv\u00edvio da Associa\u00e7\u00e3o da Vinha da Rainha \u00e9 uma resposta social desenvolvida em equipamento, de apoio a atividades socioculturais organizadas e dinamizadas pelos idosos da comunidade da freguesia da Vinha da Rainha. Tem como objectivos espec\u00edficos fomentar as rela\u00e7\u00f5es interpessoais, manter e\/ou desenvolver as capacidades existentes e contribuir para a manuten\u00e7\u00e3o do idoso no seu meio habitual de vida.<\/p>\n<p>Durante a perman\u00eancia do idoso na resposta social de Centro de Conv\u00edvio \u00e9 assegurada a presta\u00e7\u00e3o dos seguintes servi\u00e7os:<\/p>\n<ul>\n<li>Atividades l\u00fadicas e recreativas (realiza\u00e7\u00e3o de jogos, atelier&#8217;s de express\u00e3o pl\u00e1stica, dram\u00e1tica e musical, artes decorativas, dan\u00e7a, etc.);<\/li>\n<li><span style=\"font-size: 14px;\">Atividades desportivas (gin\u00e1stica adaptada, remo adaptado, etc.);<\/span><\/li>\n<li>Atividades culturais (visitas a museus, exposi\u00e7\u00f5es, monumentos, <span>espet\u00e1culos de teatro, <\/span><span>m\u00fasica, dan\u00e7a,<\/span> etc.);<\/li>\n<li>Atividades sociais (passeios-conv\u00edvio, piqueniques, visita a festas e feiras, conv\u00edvios com outras institui\u00e7\u00f5es, etc.);<\/li>\n<li>Atividades espirituais (visitar locais de culto, assistir a prociss\u00f5es, assistir \u00e0 celebra\u00e7\u00e3o da missa, etc.);<\/li>\n<li>Atividades intelectuais\/formativas (alfabetiza\u00e7\u00e3o, a\u00e7\u00f5es informa\u00e7\u00e3o\/sensibiliza\u00e7\u00e3o, sess\u00f5es de leitura, inform\u00e1tica, etc.);<\/li>\n<li>Refei\u00e7\u00f5es (lanche).<\/li>\n<\/ul>\n<p>O Centro de Conv\u00edvio desta institui\u00e7\u00e3o iniciou a sua atividade em 1989 com 15 utentes, tendo aumentado a sua capacidade de resposta em 1998 para mais 10 utentes, perfazendo um total de 25 idosos em acordo de coopera\u00e7\u00e3o, n\u00famero que tem vindo a manter ao longo dos \u00faltimos anos de funcionamento.<\/p>\n<p>Para al\u00e9m do conjunto de servi\u00e7os que s\u00e3o comuns ao funcionamento das outras respostas sociais, est\u00e3o afetas ao funcionamento do Centro de Conv\u00edvio uma sala de estar, um sal\u00e3o polivalente, uma sala de atividades (atelier&#8217;s), assim como um bar, instala\u00e7\u00f5es tamb\u00e9m comuns ao funcionamento do Centro de Dia.<\/p>\n<p>Para al\u00e9m de dispor deste conjunto de servi\u00e7os, comuns ao desenvolvimento das atividades das outras respostas sociais, o Centro de Conv\u00edvio desta Institui\u00e7\u00e3o beneficia tamb\u00e9m de uma equipa de recursos humanos constitu\u00edda por uma 1 Diretora T\u00e9cnica\/Assistente Social, 1 T\u00e9cnica Superior de Anima\u00e7\u00e3o Sociocultural, 1 Encarregada de Servi\u00e7os, que diariamente coordenam as atividades a desenvolver, bem como tamb\u00e9m 1Trabalhadora Auxiliar.<\/p>\n<\/div>\n<p>[\/et_pb_text][\/et_pb_column_inner][\/et_pb_row_inner][\/et_pb_column][et_pb_column type=&#8221;1_2&#8243; _builder_version=&#8221;4.16&#8243; custom_padding=&#8221;|||&#8221; global_colors_info=&#8221;{}&#8221; custom_padding__hover=&#8221;|||&#8221;][et_pb_image src=&#8221;http:\/\/associacaovr.pt\/wp-content\/uploads\/2024\/05\/20240416_090827-scaled.jpg&#8221; title_text=&#8221;Sal\u00e3o Polivalente&#8221; _builder_version=&#8221;4.20.4&#8243; _module_preset=&#8221;default&#8221; global_colors_info=&#8221;{}&#8221;][\/et_pb_image][et_pb_image src=&#8221;http:\/\/associacaovr.pt\/wp-content\/uploads\/2024\/05\/20230314_115655-scaled.jpg&#8221; _builder_version=&#8221;4.20.4&#8243; _module_preset=&#8221;default&#8221; title_text=&#8221;Gin\u00e1stica Adaptada&#8221;][\/et_pb_image][\/et_pb_column][\/et_pb_section]<\/p>\n","protected":false},"excerpt":{"rendered":"<p>Centro Conv\u00edvio &nbsp; O Centro de Conv\u00edvio da Associa\u00e7\u00e3o da Vinha da Rainha \u00e9 uma resposta social desenvolvida em equipamento, de apoio a atividades socioculturais organizadas e dinamizadas pelos idosos da comunidade da freguesia da Vinha da Rainha. Tem como objectivos espec\u00edficos fomentar as rela\u00e7\u00f5es interpessoais, manter e\/ou desenvolver as capacidades existentes e contribuir para [&hellip;]<\/p>\n","protected":false},"author":1,"featured_media":0,"parent":0,"menu_order":0,"comment_status":"closed","ping_status":"closed","template":"","meta":{"_et_pb_use_builder":"on","_et_pb_old_content":"","_et_gb_content_width":"","footnotes":""},"class_list":["post-167","page","type-page","status-publish","hentry"],"_links":{"self":[{"href":"https:\/\/associacaovr.pt\/index.php?rest_route=\/wp\/v2\/pages\/167","targetHints":{"allow":["GET"]}}],"collection":[{"href":"https:\/\/associacaovr.pt\/index.php?rest_route=\/wp\/v2\/pages"}],"about":[{"href":"https:\/\/associacaovr.pt\/index.php?rest_route=\/wp\/v2\/types\/page"}],"author":[{"embeddable":true,"href":"https:\/\/associacaovr.pt\/index.php?rest_route=\/wp\/v2\/users\/1"}],"replies":[{"embeddable":true,"href":"https:\/\/associacaovr.pt\/index.php?rest_route=%2Fwp%2Fv2%2Fcomments&post=167"}],"version-history":[{"count":3,"href":"https:\/\/associacaovr.pt\/index.php?rest_route=\/wp\/v2\/pages\/167\/revisions"}],"predecessor-version":[{"id":49722,"href":"https:\/\/associacaovr.pt\/index.php?rest_route=\/wp\/v2\/pages\/167\/revisions\/49722"}],"wp:attachment":[{"href":"https:\/\/associacaovr.pt\/index.php?rest_route=%2Fwp%2Fv2%2Fmedia&parent=167"}],"curies":[{"name":"wp","href":"https:\/\/api.w.org\/{rel}","templated":true}]}}