{"id":214,"date":"2018-06-21T14:44:34","date_gmt":"2018-06-21T14:44:34","guid":{"rendered":"http:\/\/localhost\/Associa%C3%A7%C3%A3o%20Vinha%20da%20Rainha\/?page_id=214"},"modified":"2024-05-17T16:07:13","modified_gmt":"2024-05-17T16:07:13","slug":"teatro","status":"publish","type":"page","link":"https:\/\/associacaovr.pt\/?page_id=214","title":{"rendered":"Teatro"},"content":{"rendered":"<p>[et_pb_section fb_built=&#8221;1&#8243; _builder_version=&#8221;4.16&#8243; global_colors_info=&#8221;{}&#8221;][et_pb_row _builder_version=&#8221;4.16&#8243; background_size=&#8221;initial&#8221; background_position=&#8221;top_left&#8221; background_repeat=&#8221;repeat&#8221; global_colors_info=&#8221;{}&#8221; column_structure=&#8221;2_3,1_3&#8243;][et_pb_column type=&#8221;2_3&#8243; _builder_version=&#8221;4.16&#8243; custom_padding=&#8221;|||&#8221; global_colors_info=&#8221;{}&#8221; custom_padding__hover=&#8221;|||&#8221;][et_pb_text _builder_version=&#8221;4.16&#8243; global_colors_info=&#8221;{}&#8221;]<\/p>\n<h1 class=\"documentFirstHeading\" style=\"text-align: center;\"><span id=\"parent-fieldname-title\" class=\"\">Teatro<\/span><\/h1>\n<div id=\"parent-fieldname-text\" class=\"\">\n<h1 class=\"documentFirstHeading\" style=\"text-align: center;\"><\/h1>\n<div id=\"parent-fieldname-text\" class=\"\">\n<p>&nbsp;<\/p>\n<table border=\"0\" width=\"100%\" cellspacing=\"0\" cellpadding=\"0\">\n<tbody>\n<tr>\n<td valign=\"top\">\n<table border=\"0\" width=\"100%\" cellspacing=\"0\" cellpadding=\"5\">\n<tbody>\n<tr>\n<td bgcolor=\"#000000\"><span style=\"color: #e09900;\"><strong>APRESENTA\u00c7\u00c3O<\/strong><\/span><\/td>\n<\/tr>\n<tr>\n<td>\n<p>O grupo c\u00e9nico &#8220;Parras da Vinha&#8221; nasceu em agosto de 2009. Deve o seu nome ao facto de pretender homenagear a mem\u00f3ria do grande impulsionador da Associa\u00e7\u00e3o Cultural, Desportiva e de Solidariedade da Freguesia da Vinha da Rainha, o comendador Jo\u00e3o Duarte Cachulo J\u00fanior, pessoa de extraordin\u00e1ria atividade em prol do associativismo e da solidariedade, e de vasta cultura e capacidade intelectual, que ao teatro dedicou muito do seu saber e capacidade, e foi autor de saborosas cr\u00f3nicas sobre v\u00e1rios recantos da freguesia no peri\u00f3dico &#8220;A Gazeta do Centro&#8221;, sedeado em Soure, sob o t\u00edtulo &#8220;Minha Parra da Vinha&#8221;.<\/p>\n<p>Nesta linha, e com o objetivo de fomentar a vertente cultural da Associa\u00e7\u00e3o, decidiu-se a cria\u00e7\u00e3o do grupo c\u00e9nico.<\/p>\n<p>Iniciado o trabalho, assentou-se na ideia de levar \u00e0 cena um espect\u00e1culo que contemplasse uma com\u00e9dia e um drama e assim se iniciaram os ensaios da com\u00e9dia &#8220;As Duas Gatas&#8221; e do drama &#8220;Maria Em\u00edlia&#8221;, da autoria de Alves Redol.<\/p>\n<p>Todos os elementos do grupo se entregaram ao trabalho com entusiasmo, esfor\u00e7o e dedica\u00e7\u00e3o invulgares, fatores que, aliados ao talento de cada um, permitiram que, em pouco mais de seis meses, se sent\u00edssem em condi\u00e7\u00f5es de fazer a sua apresenta\u00e7\u00e3o. Assim, com o apoio da Dire\u00e7\u00e3o da Associa\u00e7\u00e3o, dum associado amigo vocacionado para as artes pl\u00e1sticas que pintou um cen\u00e1rio, de pessoal da pr\u00f3pria Associa\u00e7\u00e3o na \u00e1rea do guarda-roupa, foram adquiridos os meios t\u00e9cnicos indispens\u00e1veis \u00e0 representa\u00e7\u00e3o das duas pe\u00e7as.<\/p>\n<p>O grupo apresentou-se ao p\u00fablico pela primeira vez em 28 de mar\u00e7o de 2010 no sal\u00e3o polivalente da Associa\u00e7\u00e3o. A atua\u00e7\u00e3o foi do agrado geral, tendo merecido palavras de elogio do senhor Presidente da Dire\u00e7\u00e3o que nos sugeriu uma apresenta\u00e7\u00e3o formal do grupo com a presen\u00e7a de entidades ligadas \u00e0 cultura.<\/p>\n<p>A apresenta\u00e7\u00e3o concretizou-se em 16 de maio e contou com a presen\u00e7a de v\u00e1rias entidades, sendo de destacar a senhora Vereadora da Cultura da C\u00e2mara Municipal de Soure e o senhor Presidente da Junta, que nos dirigiram ambos palavras calorosas de parab\u00e9ns e encorajamento.<\/p>\n<p>Apresentado o grupo \u00e0 comunidade, encararam\u00a0 a possibilidade de interc\u00e2mbio com outros grupos de teatro amador, inscrevendo-se para esse fim no Inatel. Assim, em retribui\u00e7\u00e3o ao grupo &#8220;A Fonte&#8221; de Murtede, em 6 de Junho ocorreu naquela localidade a atua\u00e7\u00e3o deste grupo, integrada no 25\u00ba Ciclo de Teatro da Primavera.<\/p>\n<p>Em 24 de outubro ocorreu a desloca\u00e7\u00e3o ao Centro Paroquial de S. Pedro, em Cantanhede, numa jornada de solidariedade a favor do Centro Social Comunit\u00e1rio de Varziela.<\/p>\n<p>Seguiram-se duas atua\u00e7\u00f5es integradas no 25\u00ba Ciclo de Teatro do Outono do Inatel, a primeira em Casal do Redinho, em 6 de novembro, em que voltaram a ter as presen\u00e7as honrosas do Presidente da Junta de Freguesia da Vinha da Rainha e da senhora Vereadora da Cultura da C\u00e2mara de Soure, que amavelmente sugeriu a participa\u00e7\u00e3o do nosso grupo; a segunda no dia 5 de dezembro em Enxof\u00e3es.<\/p>\n<p>Ainda em 2010, o grupo deslocou-se a Febres para colaborar nas festividades de Natal da Junta de Freguesia, em 11 de dezembro.<\/p>\n<p>Em 2011 o grupo voltou a atuar no sal\u00e3o polivalente da Associa\u00e7\u00e3o da Freguesia da Vinha da Rainha, a 3 de abril, com o objetivo de homenagear a protagonista do drama &#8220;Maria Em\u00edlia&#8221; e expressar-lhe o reconhecimento do grupo pelo seu excelente desempenho em todas as atua\u00e7\u00f5es, uma vez que raz\u00f5es de ordem pessoal e familiar a for\u00e7avam a partir para o o estrangeiro.<\/p>\n<p>Por \u00faltimo, o grupo deslocou-se \u00e0 cidade da Figueira da Foz, a 9 de abril, onde apresentou a com\u00e9dia &#8220;As Duas Gatas&#8221;, colaborando no encontro de antigos combatentes que comemoravam os seus 48 anos de partida para Angola.<\/p>\n<p>Assim, o grupo &#8220;Parras da Vinha&#8221; desenvolveu 9 atua\u00e7\u00f5es no per\u00edodo de pouco mais de um anos, o que reflete o interesse, o entusiasmo e a dedica\u00e7\u00e3o dos seus elementos, aspetos que \u00e9 justo salientar.<\/p>\n<p>Conclu\u00eddo este ciclo, o grupo come\u00e7ou a abalan\u00e7ar-se a um trabalho mais exigente: a prepara\u00e7\u00e3o dum novo espet\u00e1culo que \u00e9 uma adapta\u00e7\u00e3o da obra de Alice Vieiea &#8220;Leandro, rei da Hel\u00edria&#8221;.<\/p>\n<p>No dia 12 de abril 2015 fez a sua apresenta\u00e7\u00e3o oficial da sua nova pe\u00e7a &#8220;A Culpa \u00e9 da Primavera&#8221;.<\/p>\n<p align=\"justify\">O \u201cParras da Vinha\u201d est\u00e1 dispon\u00edvel para se deslocar onde for solicitado, desde que para tal haja disponibilidade.<\/p>\n<\/td>\n<\/tr>\n<\/tbody>\n<\/table>\n<\/td>\n<\/tr>\n<\/tbody>\n<\/table>\n<\/div>\n<\/div>\n<p>[\/et_pb_text][\/et_pb_column][et_pb_column type=&#8221;1_3&#8243; _builder_version=&#8221;4.16&#8243; custom_padding=&#8221;|||&#8221; global_colors_info=&#8221;{}&#8221; custom_padding__hover=&#8221;|||&#8221;][et_pb_image src=&#8221;http:\/\/associacaovr.pt\/wp-content\/uploads\/2024\/05\/Logo-Teatro.png&#8221; _builder_version=&#8221;4.20.4&#8243; _module_preset=&#8221;default&#8221; title_text=&#8221;Logo Teatro&#8221; hover_enabled=&#8221;0&#8243; sticky_enabled=&#8221;0&#8243;][\/et_pb_image][et_pb_image src=&#8221;http:\/\/associacaovr.pt\/wp-content\/uploads\/2024\/05\/Grupo-de-Teatro.jpg&#8221; _builder_version=&#8221;4.20.4&#8243; _module_preset=&#8221;default&#8221; title_text=&#8221;Grupo de Teatro&#8221; hover_enabled=&#8221;0&#8243; sticky_enabled=&#8221;0&#8243; custom_padding=&#8221;|0px|1px|||&#8221;][\/et_pb_image][\/et_pb_column][\/et_pb_row][\/et_pb_section]<\/p>\n","protected":false},"excerpt":{"rendered":"<p>Teatro &nbsp; APRESENTA\u00c7\u00c3O O grupo c\u00e9nico &#8220;Parras da Vinha&#8221; nasceu em agosto de 2009. Deve o seu nome ao facto de pretender homenagear a mem\u00f3ria do grande impulsionador da Associa\u00e7\u00e3o Cultural, Desportiva e de Solidariedade da Freguesia da Vinha da Rainha, o comendador Jo\u00e3o Duarte Cachulo J\u00fanior, pessoa de extraordin\u00e1ria atividade em prol do associativismo [&hellip;]<\/p>\n","protected":false},"author":1,"featured_media":0,"parent":0,"menu_order":0,"comment_status":"closed","ping_status":"closed","template":"","meta":{"_et_pb_use_builder":"on","_et_pb_old_content":"","_et_gb_content_width":"","footnotes":""},"class_list":["post-214","page","type-page","status-publish","hentry"],"_links":{"self":[{"href":"https:\/\/associacaovr.pt\/index.php?rest_route=\/wp\/v2\/pages\/214","targetHints":{"allow":["GET"]}}],"collection":[{"href":"https:\/\/associacaovr.pt\/index.php?rest_route=\/wp\/v2\/pages"}],"about":[{"href":"https:\/\/associacaovr.pt\/index.php?rest_route=\/wp\/v2\/types\/page"}],"author":[{"embeddable":true,"href":"https:\/\/associacaovr.pt\/index.php?rest_route=\/wp\/v2\/users\/1"}],"replies":[{"embeddable":true,"href":"https:\/\/associacaovr.pt\/index.php?rest_route=%2Fwp%2Fv2%2Fcomments&post=214"}],"version-history":[{"count":4,"href":"https:\/\/associacaovr.pt\/index.php?rest_route=\/wp\/v2\/pages\/214\/revisions"}],"predecessor-version":[{"id":49775,"href":"https:\/\/associacaovr.pt\/index.php?rest_route=\/wp\/v2\/pages\/214\/revisions\/49775"}],"wp:attachment":[{"href":"https:\/\/associacaovr.pt\/index.php?rest_route=%2Fwp%2Fv2%2Fmedia&parent=214"}],"curies":[{"name":"wp","href":"https:\/\/api.w.org\/{rel}","templated":true}]}}