{"id":224,"date":"2018-06-21T14:51:20","date_gmt":"2018-06-21T14:51:20","guid":{"rendered":"http:\/\/localhost\/Associa%C3%A7%C3%A3o%20Vinha%20da%20Rainha\/?page_id=224"},"modified":"2025-01-17T12:15:26","modified_gmt":"2025-01-17T12:15:26","slug":"efa","status":"publish","type":"page","link":"https:\/\/associacaovr.pt\/?page_id=224","title":{"rendered":"Educa\u00e7\u00e3o e Forma\u00e7\u00e3o de Adultos (EFA)"},"content":{"rendered":"\n[et_pb_section fb_built=&#8221;1&#8243; _builder_version=&#8221;4.16&#8243; global_colors_info=&#8221;{}&#8221;][et_pb_row _builder_version=&#8221;4.16&#8243; background_size=&#8221;initial&#8221; background_position=&#8221;top_left&#8221; background_repeat=&#8221;repeat&#8221; global_colors_info=&#8221;{}&#8221;][et_pb_column type=&#8221;4_4&#8243; _builder_version=&#8221;4.16&#8243; custom_padding=&#8221;|||&#8221; global_colors_info=&#8221;{}&#8221; custom_padding__hover=&#8221;|||&#8221;][et_pb_text _builder_version=&#8221;4.16&#8243; hover_enabled=&#8221;0&#8243; global_colors_info=&#8221;{}&#8221; custom_padding=&#8221;||0px|||&#8221; sticky_enabled=&#8221;0&#8243;]<h1 class=\"documentFirstHeading\" style=\"text-align: center;\"><span id=\"parent-fieldname-title\" class=\"\">Cursos de Educa\u00e7\u00e3o de Adultos (EFA)<\/span><\/h1>\n<p>&nbsp;<\/p>\n<p>&nbsp;<\/p>\n<div id=\"parent-fieldname-text\" class=\"\">\n<p>Neste momento aguardam-se candidaturas nessa tipologia.<\/p>\n<p>&nbsp;<\/p>\n<p>&nbsp;<\/p>\n<p>&nbsp;<\/p>\n<p>&nbsp;<\/p>\n<p>&nbsp;<\/p>\n<blockquote>\n<p><a href=\"https:\/\/www.facebook.com\/people\/Associa%C3%A7%C3%A3o-Cultural-Desportiva-de-Solidariedade-Vinha-da-Rainha\/100054506737482\/?hc_ref=ARRggUgM6O8_2JeXjzXGLQyCNcfsPHA2CIg1aKVNds-mg53AC6_QZx8bdPZid5MEiyI&amp;fref=nf&amp;__xts__[0]=68.ARB9GRjerTkElvYDFwjpAcNNcOf-r_FOCFLCUPLNs_21J6EpEnVn4cb3weQHqCeKSF06AKPNKggnSvIm8ZX5ituLywlnbypZZdGElDq1-z3Ro7tHJYB8Y_qSrcNSll-DqWqwAiK5CaKQNLgBF26ri1aGx8Q0MzeFCru2rRB0GtyYCx1dFGy8st--7Z2yhlmF1mCVEgrfkRGNqMGID81r_5GYvT3tpSMJsklNT2Qj8LpV_XA0a6_Z0MErPbsMdN8W-uuaBmKukkDjiu_AGfPI9e8JxA4aGjJ_5WKGxKDmAqKy19jAMy_0O3DM4KcEXy3Bnu2-8TYbe11k92bH1NjRO5eXVRjYT2OAGjyYPyOPdL3GEKjx1Prrv1WV8kgn4uOnTeSxVgHZU8CghvfJDgFTo0k8-YQ\"><span style=\"text-decoration: underline;\"><strong>Siga-nos no Facebook<\/strong><\/span><\/a><\/p>\n<\/blockquote>\n<\/div>[\/et_pb_text][\/et_pb_column][\/et_pb_row][\/et_pb_section]\n","protected":false},"excerpt":{"rendered":"<p>Cursos de Educa\u00e7\u00e3o de Adultos (EFA) &nbsp; &nbsp; Neste momento aguardam-se candidaturas nessa tipologia. &nbsp; &nbsp; &nbsp; &nbsp; &nbsp; Siga-nos no Facebook<\/p>\n","protected":false},"author":1,"featured_media":0,"parent":0,"menu_order":0,"comment_status":"closed","ping_status":"closed","template":"","meta":{"_et_pb_use_builder":"on","_et_pb_old_content":"","_et_gb_content_width":"","footnotes":""},"class_list":["post-224","page","type-page","status-publish","hentry"],"_links":{"self":[{"href":"https:\/\/associacaovr.pt\/index.php?rest_route=\/wp\/v2\/pages\/224","targetHints":{"allow":["GET"]}}],"collection":[{"href":"https:\/\/associacaovr.pt\/index.php?rest_route=\/wp\/v2\/pages"}],"about":[{"href":"https:\/\/associacaovr.pt\/index.php?rest_route=\/wp\/v2\/types\/page"}],"author":[{"embeddable":true,"href":"https:\/\/associacaovr.pt\/index.php?rest_route=\/wp\/v2\/users\/1"}],"replies":[{"embeddable":true,"href":"https:\/\/associacaovr.pt\/index.php?rest_route=%2Fwp%2Fv2%2Fcomments&post=224"}],"version-history":[{"count":3,"href":"https:\/\/associacaovr.pt\/index.php?rest_route=\/wp\/v2\/pages\/224\/revisions"}],"predecessor-version":[{"id":50092,"href":"https:\/\/associacaovr.pt\/index.php?rest_route=\/wp\/v2\/pages\/224\/revisions\/50092"}],"wp:attachment":[{"href":"https:\/\/associacaovr.pt\/index.php?rest_route=%2Fwp%2Fv2%2Fmedia&parent=224"}],"curies":[{"name":"wp","href":"https:\/\/api.w.org\/{rel}","templated":true}]}}