{"id":36,"date":"2018-06-19T15:44:35","date_gmt":"2018-06-19T15:44:35","guid":{"rendered":"http:\/\/localhost\/Associa%C3%A7%C3%A3o%20Vinha%20da%20Rainha\/?page_id=36"},"modified":"2024-05-17T15:10:53","modified_gmt":"2024-05-17T15:10:53","slug":"contactos","status":"publish","type":"page","link":"https:\/\/associacaovr.pt\/?page_id=36","title":{"rendered":"Contactos"},"content":{"rendered":"<p>[et_pb_section fb_built=&#8221;1&#8243; _builder_version=&#8221;4.16&#8243; global_colors_info=&#8221;{}&#8221;][et_pb_row column_structure=&#8221;1_2,1_2&#8243; _builder_version=&#8221;4.16&#8243; background_size=&#8221;initial&#8221; background_position=&#8221;top_left&#8221; background_repeat=&#8221;repeat&#8221; global_colors_info=&#8221;{}&#8221;][et_pb_column type=&#8221;1_2&#8243; _builder_version=&#8221;4.16&#8243; custom_padding=&#8221;|||&#8221; global_colors_info=&#8221;{}&#8221; custom_padding__hover=&#8221;|||&#8221;][et_pb_map address=&#8221;Vinha da Rainha, 3130, Portugal&#8221; address_lat=&#8221;40.0629162&#8243; address_lng=&#8221;-8.727006800000026&#8243; _builder_version=&#8221;4.16&#8243; global_colors_info=&#8221;{}&#8221;][et_pb_map_pin title=&#8221;Estamos aqui !&#8221; pin_address=&#8221;R. Azenha do Moci\u00e7o, 3130, Portugal&#8221; zoom_level=&#8221;17&#8243; pin_address_lat=&#8221;40.062678075148&#8243; pin_address_lng=&#8221;-8.7265883753937&#8243; _builder_version=&#8221;3.8.1&#8243; global_colors_info=&#8221;{}&#8221;][\/et_pb_map_pin][\/et_pb_map][\/et_pb_column][et_pb_column type=&#8221;1_2&#8243; _builder_version=&#8221;4.16&#8243; custom_padding=&#8221;|||&#8221; global_colors_info=&#8221;{}&#8221; custom_padding__hover=&#8221;|||&#8221;][et_pb_text _builder_version=&#8221;4.16&#8243; global_colors_info=&#8221;{}&#8221;]<\/p>\n<p><strong style=\"font-size: 14px;\">Associa\u00e7\u00e3o Cultural e Desportiva de Solidariedade da Freguesia de Vinha da Rainha<\/strong><\/p>\n<p style=\"text-align: left;\">Rua Comendador Jo\u00e3o Cachulo n.\u00ba 2<\/p>\n<p style=\"text-align: left;\"><span class=\"style10\">3130-433 Vinha da Rainha<\/span><\/p>\n<p style=\"text-align: left;\"><span class=\"style10\">Soure<\/span><\/p>\n<p><span class=\"style10\"><\/span><\/p>\n<p><strong style=\"font-size: 14px;\">Telefone:<\/strong><span style=\"font-size: 14px;\">\u00a0<\/span><\/p>\n<p><span style=\"font-size: 14px;\">+351 239 587 211\u00a0<\/span><\/p>\n<p><span class=\"style10\" style=\"font-size: 14px;\">+351 239 508 155<\/span><\/p>\n<p><span class=\"style10\" style=\"font-size: 14px;\"><\/span><\/p>\n<p><strong style=\"font-size: 14px;\"><span class=\"style6\"><span class=\"style2\">E-mail:<\/span><\/span><\/strong><\/p>\n<p><em><strong><span class=\"style6\"><span class=\"style2\">Geral:<\/span><\/span><\/strong><\/em>\u00a0<span class=\"style6\"><span class=\"style2\"><a href=\"mailto:geral@acdsfvr.pt\">geral@acdsfvr.pt <span style=\"color: #000000;\">\/\u00a0<\/span><\/a><\/span><\/span><a href=\"mailto:geral@acdsfvr.pt\" style=\"font-size: 14px;\">acdsfvr@sapo.pt<\/a><\/p>\n<p><span class=\"style6\"><span class=\"style2\"><em><strong>Forma\u00e7\u00e3o Profissional:<\/strong><\/em>\u00a0<a href=\"mailto:formacao@acdsfvr.pt\">formacao@acdsfvr.pt<\/a><\/span><\/span><\/p>\n<p><span class=\"style6\"><span class=\"style2\"><em><strong>Dire\u00e7\u00e3o t\u00e9cnica:<\/strong><\/em>\u00a0<a href=\"mailto:dir.tecnica@acdsfvr.pt\">dir.tecnica@acdsfvr.pt<\/a><\/span><\/span><\/p>\n<p>&nbsp;<\/p>\n<p><a href=\"https:\/\/www.facebook.com\/people\/Associa%C3%A7%C3%A3o-Cultural-Desportiva-de-Solidariedade-Vinha-da-Rainha\/100054506737482\/?hc_ref=ARRggUgM6O8_2JeXjzXGLQyCNcfsPHA2CIg1aKVNds-mg53AC6_QZx8bdPZid5MEiyI&amp;fref=nf&amp;__xts__[0]=68.ARB9GRjerTkElvYDFwjpAcNNcOf-r_FOCFLCUPLNs_21J6EpEnVn4cb3weQHqCeKSF06AKPNKggnSvIm8ZX5ituLywlnbypZZdGElDq1-z3Ro7tHJYB8Y_qSrcNSll-DqWqwAiK5CaKQNLgBF26ri1aGx8Q0MzeFCru2rRB0GtyYCx1dFGy8st--7Z2yhlmF1mCVEgrfkRGNqMGID81r_5GYvT3tpSMJsklNT2Qj8LpV_XA0a6_Z0MErPbsMdN8W-uuaBmKukkDjiu_AGfPI9e8JxA4aGjJ_5WKGxKDmAqKy19jAMy_0O3DM4KcEXy3Bnu2-8TYbe11k92bH1NjRO5eXVRjYT2OAGjyYPyOPdL3GEKjx1Prrv1WV8kgn4uOnTeSxVgHZU8CghvfJDgFTo0k8-YQ\" target=\"_blank\" rel=\"noopener\">Siga-nos no Facebook<\/a><\/p>\n<p>&nbsp;<\/p>\n<p>[\/et_pb_text][\/et_pb_column][\/et_pb_row][\/et_pb_section]<\/p>\n","protected":false},"excerpt":{"rendered":"<p>Associa\u00e7\u00e3o Cultural e Desportiva de Solidariedade da Freguesia de Vinha da Rainha Rua Comendador Jo\u00e3o Cachulo n.\u00ba 2 3130-433 Vinha da Rainha Soure Telefone:\u00a0 +351 239 587 211\u00a0 +351 239 508 155 E-mail: Geral:\u00a0geral@acdsfvr.pt \/\u00a0acdsfvr@sapo.pt Forma\u00e7\u00e3o Profissional:\u00a0formacao@acdsfvr.pt Dire\u00e7\u00e3o t\u00e9cnica:\u00a0dir.tecnica@acdsfvr.pt &nbsp; Siga-nos no Facebook &nbsp;<\/p>\n","protected":false},"author":1,"featured_media":0,"parent":0,"menu_order":0,"comment_status":"closed","ping_status":"closed","template":"","meta":{"_et_pb_use_builder":"on","_et_pb_old_content":"","_et_gb_content_width":"","footnotes":""},"class_list":["post-36","page","type-page","status-publish","hentry"],"_links":{"self":[{"href":"https:\/\/associacaovr.pt\/index.php?rest_route=\/wp\/v2\/pages\/36","targetHints":{"allow":["GET"]}}],"collection":[{"href":"https:\/\/associacaovr.pt\/index.php?rest_route=\/wp\/v2\/pages"}],"about":[{"href":"https:\/\/associacaovr.pt\/index.php?rest_route=\/wp\/v2\/types\/page"}],"author":[{"embeddable":true,"href":"https:\/\/associacaovr.pt\/index.php?rest_route=\/wp\/v2\/users\/1"}],"replies":[{"embeddable":true,"href":"https:\/\/associacaovr.pt\/index.php?rest_route=%2Fwp%2Fv2%2Fcomments&post=36"}],"version-history":[{"count":5,"href":"https:\/\/associacaovr.pt\/index.php?rest_route=\/wp\/v2\/pages\/36\/revisions"}],"predecessor-version":[{"id":49764,"href":"https:\/\/associacaovr.pt\/index.php?rest_route=\/wp\/v2\/pages\/36\/revisions\/49764"}],"wp:attachment":[{"href":"https:\/\/associacaovr.pt\/index.php?rest_route=%2Fwp%2Fv2%2Fmedia&parent=36"}],"curies":[{"name":"wp","href":"https:\/\/api.w.org\/{rel}","templated":true}]}}