{"id":49536,"date":"2023-12-14T12:07:03","date_gmt":"2023-12-14T12:07:03","guid":{"rendered":"http:\/\/associacaovr.pt\/?page_id=49536"},"modified":"2024-06-11T13:47:30","modified_gmt":"2024-06-11T13:47:30","slug":"centro-2020","status":"publish","type":"page","link":"https:\/\/associacaovr.pt\/?page_id=49536","title":{"rendered":"Centro 2020"},"content":{"rendered":"<p>[et_pb_section fb_built=&#8221;1&#8243; _builder_version=&#8221;4.16&#8243; global_colors_info=&#8221;{}&#8221;][et_pb_row _builder_version=&#8221;4.16&#8243; background_size=&#8221;initial&#8221; background_position=&#8221;top_left&#8221; background_repeat=&#8221;repeat&#8221; global_colors_info=&#8221;{}&#8221;][et_pb_column type=&#8221;4_4&#8243; _builder_version=&#8221;4.16&#8243; custom_padding=&#8221;|||&#8221; global_colors_info=&#8221;{}&#8221; custom_padding__hover=&#8221;|||&#8221;][et_pb_text _builder_version=&#8221;4.16&#8243; global_colors_info=&#8221;{}&#8221;]A Associa\u00e7\u00e3o Cultural Desportiva e de Solidariedade da Freguesia da Vinha da Rainha, apresentou em abril de 2018 uma candidatura ao Programa CENTRO 2020, tendo a mesma como principal objetivo a remodela\u00e7\u00e3o e reabilita\u00e7\u00e3o da ERPI I, atrav\u00e9s da melhoria da infraestrutura existente, permitindo a proximidade aos cuidados, contribuindo para um envelhecimento mais ativo e saud\u00e1vel.<\/p>\n<p>Este projeto visa contribuir para o aumento dos n\u00edveis de qualidade dos servi\u00e7os prestados, atrav\u00e9s, essencialmente, da demoli\u00e7\u00e3o do interior do edif\u00edcio original que \u00e9 constitu\u00eddo por uma estrutura de madeira e que apresenta alguns sinais de degrada\u00e7\u00e3o, reconstru\u00e7\u00e3o das lajes e das coberturas.<\/p>\n<p style=\"text-align: center;\">O Projeto obteve aprova\u00e7\u00e3o por parte do Centro 2020<\/p>\n<p style=\"text-align: center;\"><a href=\"http:\/\/associacaovr.pt\/wp-content\/uploads\/2023\/12\/Ficha-de-Projeto-Centro-2020-1.pdf\">Link para o documento em PDF : Ficha de Projeto Centro 2020.PDF<\/a><\/p>\n<p>[\/et_pb_text][et_pb_image src=&#8221;http:\/\/associacaovr.pt\/wp-content\/uploads\/2024\/06\/Centro-2020.jpg&#8221; _builder_version=&#8221;4.20.4&#8243; _module_preset=&#8221;default&#8221; title_text=&#8221;Centro 2020&#8243; hover_enabled=&#8221;0&#8243; sticky_enabled=&#8221;0&#8243; custom_padding=&#8221;91px|||||&#8221;][\/et_pb_image][\/et_pb_column][\/et_pb_row][\/et_pb_section]<\/p>\n","protected":false},"excerpt":{"rendered":"<p>A Associa\u00e7\u00e3o Cultural Desportiva e de Solidariedade da Freguesia da Vinha da Rainha, apresentou em abril de 2018 uma candidatura ao Programa CENTRO 2020, tendo a mesma como principal objetivo a remodela\u00e7\u00e3o e reabilita\u00e7\u00e3o da ERPI I, atrav\u00e9s da melhoria da infraestrutura existente, permitindo a proximidade aos cuidados, contribuindo para um envelhecimento mais ativo e [&hellip;]<\/p>\n","protected":false},"author":2,"featured_media":0,"parent":0,"menu_order":0,"comment_status":"closed","ping_status":"closed","template":"","meta":{"_et_pb_use_builder":"on","_et_pb_old_content":"","_et_gb_content_width":"","footnotes":""},"class_list":["post-49536","page","type-page","status-publish","hentry"],"_links":{"self":[{"href":"https:\/\/associacaovr.pt\/index.php?rest_route=\/wp\/v2\/pages\/49536","targetHints":{"allow":["GET"]}}],"collection":[{"href":"https:\/\/associacaovr.pt\/index.php?rest_route=\/wp\/v2\/pages"}],"about":[{"href":"https:\/\/associacaovr.pt\/index.php?rest_route=\/wp\/v2\/types\/page"}],"author":[{"embeddable":true,"href":"https:\/\/associacaovr.pt\/index.php?rest_route=\/wp\/v2\/users\/2"}],"replies":[{"embeddable":true,"href":"https:\/\/associacaovr.pt\/index.php?rest_route=%2Fwp%2Fv2%2Fcomments&post=49536"}],"version-history":[{"count":6,"href":"https:\/\/associacaovr.pt\/index.php?rest_route=\/wp\/v2\/pages\/49536\/revisions"}],"predecessor-version":[{"id":49959,"href":"https:\/\/associacaovr.pt\/index.php?rest_route=\/wp\/v2\/pages\/49536\/revisions\/49959"}],"wp:attachment":[{"href":"https:\/\/associacaovr.pt\/index.php?rest_route=%2Fwp%2Fv2%2Fmedia&parent=49536"}],"curies":[{"name":"wp","href":"https:\/\/api.w.org\/{rel}","templated":true}]}}