{"id":98,"date":"2018-06-21T13:35:36","date_gmt":"2018-06-21T13:35:36","guid":{"rendered":"http:\/\/localhost\/Associa%C3%A7%C3%A3o%20Vinha%20da%20Rainha\/?page_id=98"},"modified":"2024-05-23T15:20:16","modified_gmt":"2024-05-23T15:20:16","slug":"missao-visao-e-valores","status":"publish","type":"page","link":"https:\/\/associacaovr.pt\/?page_id=98","title":{"rendered":"Miss\u00e3o, Vis\u00e3o e Valores"},"content":{"rendered":"<p>[et_pb_section fb_built=&#8221;1&#8243; _builder_version=&#8221;4.20.4&#8243; global_colors_info=&#8221;{}&#8221;][et_pb_row _builder_version=&#8221;4.20.4&#8243; background_size=&#8221;initial&#8221; background_position=&#8221;top_left&#8221; background_repeat=&#8221;repeat&#8221; custom_padding=&#8221;|0px||||&#8221; global_colors_info=&#8221;{}&#8221;][et_pb_column type=&#8221;4_4&#8243; _builder_version=&#8221;4.20.4&#8243; _module_preset=&#8221;default&#8221; global_colors_info=&#8221;{}&#8221;][et_pb_text _builder_version=&#8221;4.16&#8243; width=&#8221;100%&#8221; custom_margin=&#8221;|-315px||||&#8221; custom_padding=&#8221;|||0px||&#8221; global_colors_info=&#8221;{}&#8221;]<\/p>\n<h1 style=\"text-align: center;\">Miss\u00e3o<\/h1>\n<p>&nbsp;<\/p>\n<p>Segundo os seus estatutos tem como miss\u00e3o, prioritariamente, intervir no \u00e2mbito da Seguran\u00e7a Social, desenvolvendo a\u00e7\u00f5es de prote\u00e7\u00e3o de cidad\u00e3os na velhice e invalidez e todas as situa\u00e7\u00f5es de falta ou diminui\u00e7\u00e3o de meios de subsist\u00eancia ou de capacidade para o trabalho; apoio a crian\u00e7as, jovens, apoio \u00e0 fam\u00edlia, apoio \u00e0 integra\u00e7\u00e3o social e comunit\u00e1ria; promovendo a\u00e7\u00f5es de forma\u00e7\u00e3o profissional, com vista ao refor\u00e7o das compet\u00eancias culturais e profissionais da comunidade e, complementarmente, intervir no \u00e2mbito desportivo e cultural.<\/p>\n<h1 style=\"text-align: center;\"><\/h1>\n<h1 style=\"text-align: center;\"><\/h1>\n<h1 style=\"text-align: center;\"><\/h1>\n<h1 style=\"text-align: center;\">Vis\u00e3o<\/h1>\n<p>&nbsp;<\/p>\n<p>Ser uma institui\u00e7\u00e3o global, plural, inovadora e coesa, reconhecida, em termos da qualidade das suas interven\u00e7\u00f5es, como de excel\u00eancia e de refer\u00eancia na implementa\u00e7\u00e3o de pol\u00edticas e pr\u00e1ticas de solidariedade, apoio social, forma\u00e7\u00e3o, desporto e cultura.<\/p>\n<h1 style=\"text-align: center;\"><\/h1>\n<h1 style=\"text-align: center;\"><\/h1>\n<h1 style=\"text-align: center;\"><\/h1>\n<h1 style=\"text-align: center;\">Valores<\/h1>\n<p>&nbsp;<\/p>\n<p>Procuramos atuar com transpar\u00eancia, rigor, equidade e sempre com o intuito de bem servir a popula\u00e7\u00e3o. Neste sentido, s\u00e3o para n\u00f3s valores fundamentais:<\/p>\n<p>&nbsp;<\/p>\n<ul>\n<li>O\u00a0<strong>Respeito<\/strong> \u2013 atuando com total respeito pela dignidade do ser humano, considerando a condi\u00e7\u00e3o e caracter\u00edsticas de todos os que apoiamos e daqueles que connosco colaboram;<\/li>\n<li>A\u00a0<strong>Confian\u00e7a<\/strong> &#8211; proporcionando um ambiente de confian\u00e7a m\u00fatua entre os intervenientes, inspirado na generosidade, partilha, privacidade e respeito;<\/li>\n<li>A\u00a0<strong>Solidariedade<\/strong> &#8211; atuando com car\u00e1cter solid\u00e1rio na e para a comunidade;<\/li>\n<li>A\u00a0<strong>Responsabilidade<\/strong> &#8211; prestando servi\u00e7os de qualidade e assumindo com transpar\u00eancia e rigor o desenvolvimento da sua pr\u00e1tica de gest\u00e3o e o cumprimento dos requisitos;<\/li>\n<li>A\u00a0<strong>Qualidade<\/strong> \u2013 criando as condi\u00e7\u00f5es que garantam a Qualidade Profissional e dos Servi\u00e7os;<\/li>\n<li>A\u00a0<strong>Efici\u00eancia<\/strong> \u2013 garantindo a solidez financeira da Institui\u00e7\u00e3o, atrav\u00e9s de uma correta gest\u00e3o dos seus recursos e potenciando a melhoria cont\u00ednua e satisfa\u00e7\u00e3o junto dos seus clientes, colaboradores, fornecedores, parceiros e comunidade;<\/li>\n<li>A\u00a0<strong>Motiva\u00e7\u00e3o<\/strong> dos Recursos Humanos \u2013 criando boas condi\u00e7\u00f5es de trabalho, promovendo a forma\u00e7\u00e3o e privilegiando o envolvimento nos processos, assim como a valoriza\u00e7\u00e3o e o reconhecimento da sua a\u00e7\u00e3o;<\/li>\n<li>O\u00a0<strong>Profissionalismo<\/strong>\u00a0\u2013 procurando ter um desempenho mais seguro, mais eficaz, com maior efici\u00eancia, cultivando um esp\u00edrito de equipa e de entreajuda e garantindo, deste modo, a qualidade dos servi\u00e7os prestados.<\/li>\n<\/ul>\n<p>[\/et_pb_text][\/et_pb_column][\/et_pb_row][\/et_pb_section]<\/p>\n","protected":false},"excerpt":{"rendered":"<p>Miss\u00e3o &nbsp; Segundo os seus estatutos tem como miss\u00e3o, prioritariamente, intervir no \u00e2mbito da Seguran\u00e7a Social, desenvolvendo a\u00e7\u00f5es de prote\u00e7\u00e3o de cidad\u00e3os na velhice e invalidez e todas as situa\u00e7\u00f5es de falta ou diminui\u00e7\u00e3o de meios de subsist\u00eancia ou de capacidade para o trabalho; apoio a crian\u00e7as, jovens, apoio \u00e0 fam\u00edlia, apoio \u00e0 integra\u00e7\u00e3o social [&hellip;]<\/p>\n","protected":false},"author":1,"featured_media":0,"parent":0,"menu_order":0,"comment_status":"closed","ping_status":"closed","template":"","meta":{"_et_pb_use_builder":"on","_et_pb_old_content":"","_et_gb_content_width":"","footnotes":""},"class_list":["post-98","page","type-page","status-publish","hentry"],"_links":{"self":[{"href":"https:\/\/associacaovr.pt\/index.php?rest_route=\/wp\/v2\/pages\/98","targetHints":{"allow":["GET"]}}],"collection":[{"href":"https:\/\/associacaovr.pt\/index.php?rest_route=\/wp\/v2\/pages"}],"about":[{"href":"https:\/\/associacaovr.pt\/index.php?rest_route=\/wp\/v2\/types\/page"}],"author":[{"embeddable":true,"href":"https:\/\/associacaovr.pt\/index.php?rest_route=\/wp\/v2\/users\/1"}],"replies":[{"embeddable":true,"href":"https:\/\/associacaovr.pt\/index.php?rest_route=%2Fwp%2Fv2%2Fcomments&post=98"}],"version-history":[{"count":5,"href":"https:\/\/associacaovr.pt\/index.php?rest_route=\/wp\/v2\/pages\/98\/revisions"}],"predecessor-version":[{"id":49941,"href":"https:\/\/associacaovr.pt\/index.php?rest_route=\/wp\/v2\/pages\/98\/revisions\/49941"}],"wp:attachment":[{"href":"https:\/\/associacaovr.pt\/index.php?rest_route=%2Fwp%2Fv2%2Fmedia&parent=98"}],"curies":[{"name":"wp","href":"https:\/\/api.w.org\/{rel}","templated":true}]}}